{"id":21479,"date":"2025-02-26T08:00:06","date_gmt":"2025-02-26T08:00:06","guid":{"rendered":"https:\/\/www.taubertek.com\/nuevaweb\/?page_id=21479"},"modified":"2025-02-26T08:17:44","modified_gmt":"2025-02-26T08:17:44","slug":"mantenimiento-e-instalaciones","status":"publish","type":"page","link":"https:\/\/www.taubertek.com\/nuevaweb\/mantenimiento-e-instalaciones\/","title":{"rendered":"Mantenimiento e Instalaciones"},"content":{"rendered":"\t\t<div data-elementor-type=\"wp-page\" data-elementor-id=\"21479\" class=\"elementor elementor-21479\">\n\t\t\t\t<div class=\"wd-negative-gap elementor-element elementor-element-1c90c3f wd-section-stretch e-flex e-con-boxed e-con e-parent\" data-id=\"1c90c3f\" data-element_type=\"container\" data-settings=\"{&quot;background_background&quot;:&quot;classic&quot;}\">\n\t\t\t\t\t<div class=\"e-con-inner\">\n\t\t\t\t<div class=\"elementor-element elementor-element-5d57672 elementor-widget__width-initial elementor-widget-tablet__width-inherit wd-width-100 elementor-widget elementor-widget-wd_title\" data-id=\"5d57672\" data-element_type=\"widget\" data-widget_type=\"wd_title.default\">\n\t\t\t\t<div class=\"elementor-widget-container\">\n\t\t\t\t\t\t\t\t<link rel=\"stylesheet\" id=\"wd-section-title-css\" href=\"https:\/\/www.taubertek.com\/nuevaweb\/wp-content\/themes\/woodmart\/css\/parts\/el-section-title.min.css?ver=7.6.0\" type=\"text\/css\" media=\"all\" \/> \t\t\t\t\t<div class=\"title-wrapper set-mb-s reset-last-child wd-title-color-primary wd-title-style-default wd-title-size-large text-left\">\n\n\t\t\t\n\t\t\t<div class=\"liner-continer\">\n\t\t\t\t<h1 class=\"woodmart-title-container title wd-fontsize-xxl\">Mantenimiento e Instalaciones<\/h1> \n\t\t\t\t\t\t\t<\/div>\n\n\t\t\t\t\t<\/div>\n\t\t\t\t\t\t<\/div>\n\t\t\t\t<\/div>\n\t\t\t\t<div class=\"elementor-element elementor-element-647791b elementor-widget elementor-widget-image\" data-id=\"647791b\" data-element_type=\"widget\" data-widget_type=\"image.default\">\n\t\t\t\t<div class=\"elementor-widget-container\">\n\t\t\t\t\t\t\t\t\t\t\t\t\t\t\t<img decoding=\"async\" src=\"https:\/\/www.taubertek.com\/nuevaweb\/wp-content\/uploads\/2024\/12\/taubertek-cuad-150x150-1.png\" title=\"taubertek-cuad-150&#215;150\" alt=\"taubertek-cuad-150x150\" loading=\"lazy\" \/>\t\t\t\t\t\t\t\t\t\t\t\t\t\t\t<\/div>\n\t\t\t\t<\/div>\n\t\t\t\t\t<\/div>\n\t\t\t\t<\/div>\n\t\t<div class=\"wd-negative-gap elementor-element elementor-element-8a3578f e-flex e-con-boxed e-con e-parent\" data-id=\"8a3578f\" data-element_type=\"container\">\n\t\t\t\t\t<div class=\"e-con-inner\">\n\t\t\t\t<div class=\"elementor-element elementor-element-fd7304a text-center color-scheme-inherit elementor-widget elementor-widget-text-editor\" data-id=\"fd7304a\" data-element_type=\"widget\" data-widget_type=\"text-editor.default\">\n\t\t\t\t<div class=\"elementor-widget-container\">\n\t\t\t\t\t\t\t\t\t<p>En <strong data-start=\"169\" data-end=\"182\">Taubertek<\/strong>, ofrecemos un servicio integral de <strong data-start=\"218\" data-end=\"264\">ejecuci\u00f3n de instalaciones y mantenimiento<\/strong> para garantizar el correcto funcionamiento y la seguridad de los sistemas esenciales de cualquier edificaci\u00f3n. Nuestro equipo de profesionales altamente cualificados se encarga de la instalaci\u00f3n y el mantenimiento de los siguientes sistemas:<\/p>\t\t\t\t\t\t\t\t<\/div>\n\t\t\t\t<\/div>\n\t\t\t\t\t<\/div>\n\t\t\t\t<\/div>\n\t\t<div class=\"wd-negative-gap elementor-element elementor-element-eb711f9 e-flex e-con-boxed e-con e-parent\" data-id=\"eb711f9\" data-element_type=\"container\">\n\t\t\t\t\t<div class=\"e-con-inner\">\n\t\t<div class=\"elementor-element elementor-element-e094c7f e-con-full e-flex e-con e-child\" data-id=\"e094c7f\" data-element_type=\"container\" data-settings=\"{&quot;background_background&quot;:&quot;classic&quot;}\">\n\t\t\t\t<div class=\"elementor-element elementor-element-15d2523 elementor-position-top elementor-widget elementor-widget-image-box\" data-id=\"15d2523\" data-element_type=\"widget\" data-widget_type=\"image-box.default\">\n\t\t\t\t<div class=\"elementor-widget-container\">\n\t\t\t\t\t<div class=\"elementor-image-box-wrapper\"><figure class=\"elementor-image-box-img\"><img decoding=\"async\" src=\"https:\/\/www.taubertek.com\/nuevaweb\/wp-content\/uploads\/elementor\/thumbs\/trueno-r22d5gcjfq54s52c7jdhmv5ntma7zalsldutvj1zko.png\" title=\"trueno\" alt=\"trueno\" loading=\"lazy\" \/><\/figure><div class=\"elementor-image-box-content\"><h3 class=\"elementor-image-box-title\">Electricidad<\/h3><\/div><\/div>\t\t\t\t<\/div>\n\t\t\t\t<\/div>\n\t\t\t\t<\/div>\n\t\t<div class=\"elementor-element elementor-element-9da2fd9 e-con-full e-flex e-con e-child\" data-id=\"9da2fd9\" data-element_type=\"container\" data-settings=\"{&quot;background_background&quot;:&quot;classic&quot;}\">\n\t\t\t\t<div class=\"elementor-element elementor-element-232893f elementor-position-top elementor-widget elementor-widget-image-box\" data-id=\"232893f\" data-element_type=\"widget\" data-widget_type=\"image-box.default\">\n\t\t\t\t<div class=\"elementor-widget-container\">\n\t\t\t\t\t<div class=\"elementor-image-box-wrapper\"><figure class=\"elementor-image-box-img\"><img decoding=\"async\" src=\"https:\/\/www.taubertek.com\/nuevaweb\/wp-content\/uploads\/elementor\/thumbs\/suministro-de-agua-r22d6pgsjruw9f8sw2vkyjrsc43u8rkwrl64wt73a0.png\" title=\"suministro-de-agua\" alt=\"suministro-de-agua\" loading=\"lazy\" \/><\/figure><div class=\"elementor-image-box-content\"><h3 class=\"elementor-image-box-title\">Fontaner\u00eda<\/h3><\/div><\/div>\t\t\t\t<\/div>\n\t\t\t\t<\/div>\n\t\t\t\t<\/div>\n\t\t<div class=\"elementor-element elementor-element-395173d e-con-full e-flex e-con e-child\" data-id=\"395173d\" data-element_type=\"container\" data-settings=\"{&quot;background_background&quot;:&quot;classic&quot;}\">\n\t\t\t\t<div class=\"elementor-element elementor-element-c7f3281 elementor-position-top elementor-widget elementor-widget-image-box\" data-id=\"c7f3281\" data-element_type=\"widget\" data-widget_type=\"image-box.default\">\n\t\t\t\t<div class=\"elementor-widget-container\">\n\t\t\t\t\t<div class=\"elementor-image-box-wrapper\"><figure class=\"elementor-image-box-img\"><img decoding=\"async\" src=\"https:\/\/www.taubertek.com\/nuevaweb\/wp-content\/uploads\/elementor\/thumbs\/ingeniero-r22d9ea63pjfh9c66qq5ldc9isun9l99gwd5cb7jh4.png\" title=\"ingeniero\" alt=\"ingeniero\" loading=\"lazy\" \/><\/figure><div class=\"elementor-image-box-content\"><h3 class=\"elementor-image-box-title\">Saneamiento<\/h3><\/div><\/div>\t\t\t\t<\/div>\n\t\t\t\t<\/div>\n\t\t\t\t<\/div>\n\t\t<div class=\"elementor-element elementor-element-b094a60 e-con-full e-flex e-con e-child\" data-id=\"b094a60\" data-element_type=\"container\" data-settings=\"{&quot;background_background&quot;:&quot;classic&quot;}\">\n\t\t\t\t<div class=\"elementor-element elementor-element-168a41a elementor-position-top elementor-widget elementor-widget-image-box\" data-id=\"168a41a\" data-element_type=\"widget\" data-widget_type=\"image-box.default\">\n\t\t\t\t<div class=\"elementor-widget-container\">\n\t\t\t\t\t<div class=\"elementor-image-box-wrapper\"><figure class=\"elementor-image-box-img\"><img decoding=\"async\" src=\"https:\/\/www.taubertek.com\/nuevaweb\/wp-content\/uploads\/elementor\/thumbs\/sistema-de-calor-r22dbkaruyi88w6uj6g6ubnits640guzfmig69zv4o.png\" title=\"sistema-de-calor\" alt=\"sistema-de-calor\" loading=\"lazy\" \/><\/figure><div class=\"elementor-image-box-content\"><h3 class=\"elementor-image-box-title\">Climatizaci\u00f3n<\/h3><\/div><\/div>\t\t\t\t<\/div>\n\t\t\t\t<\/div>\n\t\t\t\t<\/div>\n\t\t<div class=\"elementor-element elementor-element-a79f5b0 e-con-full e-flex e-con e-child\" data-id=\"a79f5b0\" data-element_type=\"container\" data-settings=\"{&quot;background_background&quot;:&quot;classic&quot;}\">\n\t\t\t\t<div class=\"elementor-element elementor-element-e594ab2 elementor-position-top elementor-widget elementor-widget-image-box\" data-id=\"e594ab2\" data-element_type=\"widget\" data-widget_type=\"image-box.default\">\n\t\t\t\t<div class=\"elementor-widget-container\">\n\t\t\t\t\t<div class=\"elementor-image-box-wrapper\"><figure class=\"elementor-image-box-img\"><img decoding=\"async\" src=\"https:\/\/www.taubertek.com\/nuevaweb\/wp-content\/uploads\/elementor\/thumbs\/precio-del-gas-r22dcrjclc5f2yg1ip5110qq5i8zujmmxkis907r6g.png\" title=\"precio-del-gas\" alt=\"precio-del-gas\" loading=\"lazy\" \/><\/figure><div class=\"elementor-image-box-content\"><h3 class=\"elementor-image-box-title\">Gas<\/h3><\/div><\/div>\t\t\t\t<\/div>\n\t\t\t\t<\/div>\n\t\t\t\t<\/div>\n\t\t\t\t\t<\/div>\n\t\t\t\t<\/div>\n\t\t<div class=\"wd-negative-gap elementor-element elementor-element-468795b e-flex e-con-boxed e-con e-parent\" data-id=\"468795b\" data-element_type=\"container\">\n\t\t\t\t\t<div class=\"e-con-inner\">\n\t\t\t\t<div class=\"elementor-element elementor-element-a41573c text-center color-scheme-inherit elementor-widget elementor-widget-text-editor\" data-id=\"a41573c\" data-element_type=\"widget\" data-widget_type=\"text-editor.default\">\n\t\t\t\t<div class=\"elementor-widget-container\">\n\t\t\t\t\t\t\t\t\t<p>Nos especializamos en la ejecuci\u00f3n de <strong data-start=\"631\" data-end=\"658\">proyectos llave en mano<\/strong>, cumpliendo con todas las normativas vigentes y utilizando materiales de alta calidad para asegurar la eficiencia y durabilidad de las instalaciones.<\/p>\t\t\t\t\t\t\t\t<\/div>\n\t\t\t\t<\/div>\n\t\t\t\t\t<\/div>\n\t\t\t\t<\/div>\n\t\t<div class=\"wd-negative-gap elementor-element elementor-element-5dd4297 wd-section-stretch e-flex e-con-boxed e-con e-parent\" data-id=\"5dd4297\" data-element_type=\"container\" data-settings=\"{&quot;background_background&quot;:&quot;classic&quot;}\">\n\t\t\t\t\t<div class=\"e-con-inner\">\n\t\t<div class=\"elementor-element elementor-element-b1b691c color-scheme-light e-con-full e-flex e-con e-child\" data-id=\"b1b691c\" data-element_type=\"container\">\n\t\t\t\t<div class=\"elementor-element elementor-element-72364b3 wd-width-100 elementor-widget elementor-widget-wd_title\" data-id=\"72364b3\" data-element_type=\"widget\" data-widget_type=\"wd_title.default\">\n\t\t\t\t<div class=\"elementor-widget-container\">\n\t\t\t\t\t\t\t<div class=\"title-wrapper set-mb-s reset-last-child wd-title-color-primary wd-title-style-default wd-title-size-large text-left\">\n\n\t\t\t\n\t\t\t<div class=\"liner-continer\">\n\t\t\t\t<h4 class=\"woodmart-title-container title wd-fontsize-xxl\">Servicios de Mantenimiento<\/h4> \n\t\t\t\t\t\t\t<\/div>\n\n\t\t\t\t\t<\/div>\n\t\t\t\t\t\t<\/div>\n\t\t\t\t<\/div>\n\t\t\t\t<div class=\"elementor-element elementor-element-23d8b48 color-scheme-inherit text-left elementor-widget elementor-widget-text-editor\" data-id=\"23d8b48\" data-element_type=\"widget\" data-widget_type=\"text-editor.default\">\n\t\t\t\t<div class=\"elementor-widget-container\">\n\t\t\t\t\t\t\t\t\t<p data-start=\"845\" data-end=\"1027\">Un mantenimiento adecuado es clave para prevenir fallos inesperados y optimizar el rendimiento de los sistemas de un edificio. En <strong data-start=\"975\" data-end=\"988\">Taubertek<\/strong>, ofrecemos dos tipos de mantenimiento:<\/p><h3 data-start=\"1029\" data-end=\"1083\"><strong data-start=\"1033\" data-end=\"1083\">Mantenimiento Preventivo Ordinario y Normativo<\/strong><\/h3><p data-start=\"1084\" data-end=\"1430\">El <strong data-start=\"1087\" data-end=\"1115\">mantenimiento preventivo<\/strong> consiste en un conjunto de operaciones peri\u00f3dicas y planificadas que se realizan sobre los diferentes equipos de un edificio para asegurar su correcto funcionamiento, eficiencia y durabilidad. Su principal objetivo es <strong data-start=\"1334\" data-end=\"1364\">evitar aver\u00edas imprevistas<\/strong> y garantizar que las instalaciones operen en condiciones \u00f3ptimas.<\/p><p data-start=\"1432\" data-end=\"1492\">Dentro del mantenimiento preventivo, distinguimos dos tipos:<\/p>\t\t\t\t\t\t\t\t<\/div>\n\t\t\t\t<\/div>\n\t\t\t\t<div class=\"elementor-element elementor-element-ad4cfd4 elementor-widget elementor-widget-wd_list\" data-id=\"ad4cfd4\" data-element_type=\"widget\" data-widget_type=\"wd_list.default\">\n\t\t\t\t<div class=\"elementor-widget-container\">\n\t\t\t\t\t\t\t\t<link rel=\"stylesheet\" id=\"wd-list-css\" href=\"https:\/\/www.taubertek.com\/nuevaweb\/wp-content\/themes\/woodmart\/css\/parts\/el-list.min.css?ver=7.6.0\" type=\"text\/css\" media=\"all\" \/> \t\t\t\t\t<ul class=\"wd-list color-scheme-custom wd-fontsize-s wd-list-type-icon wd-list-style-rounded wd-justify-left wd-list-shape-icon\">\n\t\t\t\t\t\t\t\t\t\t\t<li class=\"elementor-repeater-item-82603c0\">\n\t\t\t\t\t\t\t\t\t\t\t<svg class=\"list-icon wd-icon e-font-icon-svg e-fas-check\" viewBox=\"0 0 512 512\" xmlns=\"http:\/\/www.w3.org\/2000\/svg\"><path d=\"M173.898 439.404l-166.4-166.4c-9.997-9.997-9.997-26.206 0-36.204l36.203-36.204c9.997-9.998 26.207-9.998 36.204 0L192 312.69 432.095 72.596c9.997-9.997 26.207-9.997 36.204 0l36.203 36.204c9.997 9.997 9.997 26.206 0 36.204l-294.4 294.401c-9.998 9.997-26.207 9.997-36.204-.001z\"><\/path><\/svg>\t\t\t\t\t\n\t\t\t\t\t<span class=\"list-content\">\n\t\t\t\t\t\t<b>Mantenimiento normativo<\/b>: Incluye todas las intervenciones de mantenimiento exigidas por la normativa vigente. Estas operaciones son obligatorias y se ajustan a las regulaciones oficiales de seguridad y eficiencia energ\u00e9tica.\t\t\t\t\t<\/span>\n\n\t\t\t\t\t\t\t\t\t<\/li>\n\t\t\t\t\t\t\t\t\t\t\t<li class=\"elementor-repeater-item-2203a90\">\n\t\t\t\t\t\t\t\t\t\t\t<svg class=\"list-icon wd-icon e-font-icon-svg e-fas-check\" viewBox=\"0 0 512 512\" xmlns=\"http:\/\/www.w3.org\/2000\/svg\"><path d=\"M173.898 439.404l-166.4-166.4c-9.997-9.997-9.997-26.206 0-36.204l36.203-36.204c9.997-9.998 26.207-9.998 36.204 0L192 312.69 432.095 72.596c9.997-9.997 26.207-9.997 36.204 0l36.203 36.204c9.997 9.997 9.997 26.206 0 36.204l-294.4 294.401c-9.998 9.997-26.207 9.997-36.204-.001z\"><\/path><\/svg>\t\t\t\t\t\n\t\t\t\t\t<span class=\"list-content\">\n\t\t\t\t\t\t<b>Mantenimiento preventivo ordinario<\/b>: Son aquellas acciones complementarias recomendadas por los fabricantes o basadas en la experiencia de nuestra empresa, que optimizan el rendimiento de los equipos y prolongan su vida \u00fatil.\t\t\t\t\t<\/span>\n\n\t\t\t\t\t\t\t\t\t<\/li>\n\t\t\t\t\t<\/ul>\n\n\t\t\t\t\t\t<\/div>\n\t\t\t\t<\/div>\n\t\t\t\t<\/div>\n\t\t<div class=\"elementor-element elementor-element-82d5a28 e-con-full e-flex e-con e-child\" data-id=\"82d5a28\" data-element_type=\"container\">\n\t\t<div class=\"elementor-element elementor-element-dbe8425 e-con-full e-flex e-con e-child\" data-id=\"dbe8425\" data-element_type=\"container\">\n\t\t<div class=\"elementor-element elementor-element-dce3110 e-con-full e-flex e-con e-child\" data-id=\"dce3110\" data-element_type=\"container\">\n\t\t\t\t<div class=\"elementor-element elementor-element-1155ebe wd-width-100 elementor-widget elementor-widget-wd_title\" data-id=\"1155ebe\" data-element_type=\"widget\" data-widget_type=\"wd_title.default\">\n\t\t\t\t<div class=\"elementor-widget-container\">\n\t\t\t\t\t\t\t<div class=\"title-wrapper set-mb-s reset-last-child wd-title-color-primary wd-title-style-default wd-title-size-large text-left\">\n\n\t\t\t\n\t\t\t<div class=\"liner-continer\">\n\t\t\t\t<h4 class=\"woodmart-title-container title wd-fontsize-xxl\">Mantenimiento Correctivo<\/h4> \n\t\t\t\t\t\t\t<\/div>\n\n\t\t\t\t\t<\/div>\n\t\t\t\t\t\t<\/div>\n\t\t\t\t<\/div>\n\t\t\t\t<div class=\"elementor-element elementor-element-e04287c color-scheme-inherit text-left elementor-widget elementor-widget-text-editor\" data-id=\"e04287c\" data-element_type=\"widget\" data-widget_type=\"text-editor.default\">\n\t\t\t\t<div class=\"elementor-widget-container\">\n\t\t\t\t\t\t\t\t\t<p>El <strong data-start=\"1993\" data-end=\"2021\">mantenimiento correctivo<\/strong> se centra en la reparaci\u00f3n de aver\u00edas y el restablecimiento del funcionamiento de los equipos cuando se produce una incidencia. Este tipo de mantenimiento no programado es esencial para minimizar tiempos de inactividad y asegurar la seguridad y operatividad de las instalaciones.<\/p><p>\u00a0<\/p><p><img decoding=\"async\" class=\"alignnone  wp-image-21258\" src=\"https:\/\/www.taubertek.com\/nuevaweb\/wp-content\/uploads\/2024\/12\/soporte-tecnico.png\" alt=\"\" width=\"85\" height=\"85\" srcset=\"https:\/\/www.taubertek.com\/nuevaweb\/wp-content\/uploads\/2024\/12\/soporte-tecnico.png 128w, https:\/\/www.taubertek.com\/nuevaweb\/wp-content\/uploads\/2024\/12\/elementor\/thumbs\/soporte-tecnico-qyz3qz7zpsrxfxl3o6ku5c7k90i1drj5czrtmfn3o8.png 60w\" sizes=\"(max-width: 85px) 100vw, 85px\" \/><\/p><p><strong>En Taubertek, ofrecemos soluciones a medida adaptadas a cada cliente, asegurando la m\u00e1xima eficiencia y cumplimiento normativo en todas nuestras instalaciones y servicios de mantenimiento. Cont\u00e1ctanos para m\u00e1s informaci\u00f3n sobre c\u00f3mo podemos ayudarte a optimizar el rendimiento de tus sistemas.<\/strong><\/p>\t\t\t\t\t\t\t\t<\/div>\n\t\t\t\t<\/div>\n\t\t\t\t<\/div>\n\t\t\t\t<\/div>\n\t\t\t\t<\/div>\n\t\t\t\t\t<\/div>\n\t\t\t\t<\/div>\n\t\t\t\t<\/div>\n\t\t","protected":false},"excerpt":{"rendered":"<p>Mantenimiento e Instalaciones En Taubertek, ofrecemos un servicio integral de ejecuci\u00f3n de instalaciones y mantenimiento para garantizar el correcto funcionamiento<\/p>\n","protected":false},"author":1,"featured_media":0,"parent":0,"menu_order":0,"comment_status":"closed","ping_status":"closed","template":"","meta":{"footnotes":""},"class_list":["post-21479","page","type-page","status-publish","hentry"],"_links":{"self":[{"href":"https:\/\/www.taubertek.com\/nuevaweb\/wp-json\/wp\/v2\/pages\/21479","targetHints":{"allow":["GET"]}}],"collection":[{"href":"https:\/\/www.taubertek.com\/nuevaweb\/wp-json\/wp\/v2\/pages"}],"about":[{"href":"https:\/\/www.taubertek.com\/nuevaweb\/wp-json\/wp\/v2\/types\/page"}],"author":[{"embeddable":true,"href":"https:\/\/www.taubertek.com\/nuevaweb\/wp-json\/wp\/v2\/users\/1"}],"replies":[{"embeddable":true,"href":"https:\/\/www.taubertek.com\/nuevaweb\/wp-json\/wp\/v2\/comments?post=21479"}],"version-history":[{"count":10,"href":"https:\/\/www.taubertek.com\/nuevaweb\/wp-json\/wp\/v2\/pages\/21479\/revisions"}],"predecessor-version":[{"id":21496,"href":"https:\/\/www.taubertek.com\/nuevaweb\/wp-json\/wp\/v2\/pages\/21479\/revisions\/21496"}],"wp:attachment":[{"href":"https:\/\/www.taubertek.com\/nuevaweb\/wp-json\/wp\/v2\/media?parent=21479"}],"curies":[{"name":"wp","href":"https:\/\/api.w.org\/{rel}","templated":true}]}}